{"id":1201,"date":"2018-06-19T20:41:17","date_gmt":"2018-06-20T00:41:17","guid":{"rendered":"https:\/\/halopharma.com\/?page_id=1201"},"modified":"2026-04-24T16:27:00","modified_gmt":"2026-04-24T20:27:00","slug":"applied-expertise","status":"publish","type":"page","link":"https:\/\/halopharma.com\/fr\/who-we-are\/applied-expertise\/","title":{"rendered":"Expertise appliqu\u00e9e"},"content":{"rendered":"<div data-elementor-type=\"wp-page\" data-elementor-id=\"1201\" class=\"elementor elementor-1201\" data-elementor-post-type=\"page\">\n\t\t\t\t<div class=\"elementor-element elementor-element-4009a206 e-flex e-con-boxed e-con e-parent\" data-id=\"4009a206\" data-element_type=\"container\" data-e-type=\"container\" data-settings=\"{&quot;background_background&quot;:&quot;classic&quot;}\">\n\t\t\t\t\t<div class=\"e-con-inner\">\n\t\t\t\t\t<\/div>\n\t\t\t\t<\/div>\n\t\t<div class=\"elementor-element elementor-element-61292b53 e-flex e-con-boxed e-con e-parent\" data-id=\"61292b53\" data-element_type=\"container\" data-e-type=\"container\">\n\t\t\t\t\t<div class=\"e-con-inner\">\n\t\t\t\t<div class=\"elementor-element elementor-element-4af0a31a elementor-widget elementor-widget-heading\" data-id=\"4af0a31a\" data-element_type=\"widget\" data-e-type=\"widget\" data-widget_type=\"heading.default\">\n\t\t\t\t\t<h3 class=\"elementor-heading-title elementor-size-default\">Articles<\/h3>\t\t\t\t<\/div>\n\t\t\t\t<div class=\"elementor-element elementor-element-78cd3cc4 elementor-widget elementor-widget-text-editor\" data-id=\"78cd3cc4\" data-element_type=\"widget\" data-e-type=\"widget\" data-widget_type=\"text-editor.default\">\n\t\t\t\t\t\t\t\t\t<p>Consultez les derniers articles de fond et la couverture m\u00e9diatique\u00a0:<\/p><ul><li><a href=\"https:\/\/www.contractpharma.com\/parenteral-and-sterile-fill-finish-development-and-manufacturing-trends\/\">Parenteral and Sterile Fill-Finish Development and Manufacturing Trends<\/a><\/li><li><a href=\"https:\/\/www.contractpharma.com\/osd-manufacturing-market-growth-trends-outlook\/\" target=\"_blank\" rel=\"noopener noreferrer\">March\u00e9 de la fabrication de solutions buvables \u00e0 usage unique\u00a0: tendances de croissance et perspectives<\/a><\/li><li><a href=\"https:\/\/www.pharmtech.com\/view\/dcat-week-2025-expanding-sterile-injectables-capacity\" target=\"_blank\" rel=\"noopener noreferrer\">Semaine DCAT 2025\u00a0: Augmentation des capacit\u00e9s de production de produits injectables st\u00e9riles<\/a><\/li><\/ul>\t\t\t\t\t\t\t\t<\/div>\n\t\t\t\t\t<\/div>\n\t\t\t\t<\/div>\n\t\t<div class=\"elementor-element elementor-element-102a1ee e-flex e-con-boxed e-con e-parent\" data-id=\"102a1ee\" data-element_type=\"container\" data-e-type=\"container\">\n\t\t\t\t\t<div class=\"e-con-inner\">\n\t\t\t\t<div class=\"elementor-element elementor-element-97b748e elementor-widget elementor-widget-heading\" data-id=\"97b748e\" data-element_type=\"widget\" data-e-type=\"widget\" data-widget_type=\"heading.default\">\n\t\t\t\t\t<h3 class=\"elementor-heading-title elementor-size-default\">Livres blancs<\/h3>\t\t\t\t<\/div>\n\t\t\t\t<div class=\"elementor-element elementor-element-3bbfad7 elementor-widget elementor-widget-text-editor\" data-id=\"3bbfad7\" data-element_type=\"widget\" data-e-type=\"widget\" data-widget_type=\"text-editor.default\">\n\t\t\t\t\t\t\t\t\t<p>T\u00e9l\u00e9chargez les livres blancs de Halo Pharma\u00a0:<\/p><ul><li><a href=\"https:\/\/halopharma.com\/fr\/who-we-are\/applied-expertise\/the-dea-benefit-of-partnering-with-cdmos-registration\/\">Les avantages pour la DEA de s&#039;associer \u00e0 des CDMO<\/a><\/li><li><a href=\"https:\/\/halopharma.com\/fr\/who-we-are\/applied-expertise\/combo-whitepaper-download-registration\/\">Associations \u00e0 dose fixe<\/a><\/li><li><a href=\"https:\/\/halopharma.com\/fr\/who-we-are\/applied-expertise\/topicals-whitepaper-download-registration\/\">Produits topiques<\/a><\/li><li><a href=\"https:\/\/halopharma.com\/fr\/who-we-are\/applied-expertise\/pediatric-whitepaper-download-registration\/\">P\u00e9diatrique<\/a><\/li><li><a href=\"https:\/\/halopharma.com\/fr\/who-we-are\/applied-expertise\/pharmaceutical-supply-chain-whitepaper-download-registration\/\" target=\"_blank\" rel=\"noopener\">\u00c9valuation et r\u00e9duction des risques li\u00e9s \u00e0 la cha\u00eene d&#039;approvisionnement pharmaceutique : la s\u00e9curit\u00e9 de la production locale<\/a><\/li><\/ul>\t\t\t\t\t\t\t\t<\/div>\n\t\t\t\t\t<\/div>\n\t\t\t\t<\/div>\n\t\t<div class=\"elementor-element elementor-element-3d3315b e-flex e-con-boxed e-con e-parent\" data-id=\"3d3315b\" data-element_type=\"container\" data-e-type=\"container\">\n\t\t\t\t\t<div class=\"e-con-inner\">\n\t\t\t\t<div class=\"elementor-element elementor-element-b575576 elementor-widget elementor-widget-heading\" data-id=\"b575576\" data-element_type=\"widget\" data-e-type=\"widget\" data-widget_type=\"heading.default\">\n\t\t\t\t\t<h3 class=\"elementor-heading-title elementor-size-default\">\u00c9tudes de cas<\/h3>\t\t\t\t<\/div>\n\t\t\t\t<div class=\"elementor-element elementor-element-9241ea3 elementor-widget elementor-widget-text-editor\" data-id=\"9241ea3\" data-element_type=\"widget\" data-e-type=\"widget\" data-widget_type=\"text-editor.default\">\n\t\t\t\t\t\t\t\t\t<p>T\u00e9l\u00e9chargez les \u00e9tudes de cas de Halo Pharma\u00a0:<\/p><ul><li><a href=\"https:\/\/halopharma.com\/wp-content\/uploads\/Halo-FD-Combo-CS_FINAL.pdf\" target=\"_blank\" rel=\"noopener\">Associations \u00e0 dose fixe<\/a><\/li><li><a href=\"https:\/\/halopharma.com\/wp-content\/uploads\/Halo_Topicals_CS_03_09_18_v5.pdf\" target=\"_blank\" rel=\"noopener\">Produits topiques<\/a><\/li><li><a href=\"https:\/\/halopharma.com\/wp-content\/uploads\/Final-Halo-Pediatric-Dose-CS_FINAL.pdf\" target=\"_blank\" rel=\"noopener\">P\u00e9diatrique<\/a><\/li><\/ul>\t\t\t\t\t\t\t\t<\/div>\n\t\t\t\t\t<\/div>\n\t\t\t\t<\/div>\n\t\t<div class=\"elementor-element elementor-element-9dea8a1 e-flex e-con-boxed e-con e-parent\" data-id=\"9dea8a1\" data-element_type=\"container\" data-e-type=\"container\">\n\t\t\t\t\t<div class=\"e-con-inner\">\n\t\t\t\t<div class=\"elementor-element elementor-element-e81299a elementor-widget elementor-widget-heading\" data-id=\"e81299a\" data-element_type=\"widget\" data-e-type=\"widget\" data-widget_type=\"heading.default\">\n\t\t\t\t\t<h3 class=\"elementor-heading-title elementor-size-default\">Brochures<\/h3>\t\t\t\t<\/div>\n\t\t\t\t<div class=\"elementor-element elementor-element-5e55b8c elementor-button-info elementor-widget elementor-widget-button\" data-id=\"5e55b8c\" data-element_type=\"widget\" data-e-type=\"widget\" data-widget_type=\"button.default\">\n\t\t\t\t\t\t\t\t\t\t<a class=\"elementor-button elementor-button-link elementor-size-sm\" href=\"https:\/\/halopharma.com\/fr\/contact\/\">\n\t\t\t\t\t\t<span class=\"elementor-button-content-wrapper\">\n\t\t\t\t\t\t\t\t\t<span class=\"elementor-button-text\">Contactez-nous pour plus d&#039;informations<\/span>\n\t\t\t\t\t<\/span>\n\t\t\t\t\t<\/a>\n\t\t\t\t\t\t\t\t<\/div>\n\t\t\t\t<div class=\"elementor-element elementor-element-5e8dea5 elementor-hidden-desktop elementor-hidden-tablet elementor-hidden-mobile elementor-widget elementor-widget-text-editor\" data-id=\"5e8dea5\" data-element_type=\"widget\" data-e-type=\"widget\" data-widget_type=\"text-editor.default\">\n\t\t\t\t\t\t\t\t\t<ul><li>Liquides, cr\u00e8mes et onguents<\/li><li>Services de d\u00e9veloppement Halo<\/li><li>Services de fabrication Halo<\/li><\/ul>\t\t\t\t\t\t\t\t<\/div>\n\t\t\t\t\t<\/div>\n\t\t\t\t<\/div>\n\t\t\t\t<\/div>","protected":false},"excerpt":{"rendered":"<p>Articles Read the latest thought leadership articles and media coverage: Parenteral and Sterile Fill-Finish Development and Manufacturing Trends OSD Manufacturing Market: Growth Trends &amp; Outlook DCAT Week 2025: Expanding Sterile Injectables Capacity Whitepapers Download Halo Pharma Whitepapers: The DEA Benefit of Partnering with CDMO\u2019s Fixed-Dose Combinations Topicals Pediatric Assessing and Reducing Risks to the Pharmaceutical [&hellip;]<\/p>\n","protected":false},"author":25,"featured_media":0,"parent":3362,"menu_order":0,"comment_status":"closed","ping_status":"closed","template":"","meta":{"om_disable_all_campaigns":false,"_monsterinsights_skip_tracking":false,"_monsterinsights_sitenote_active":false,"_monsterinsights_sitenote_note":"","_monsterinsights_sitenote_category":0,"footnotes":""},"class_list":["post-1201","page","type-page","status-publish","hentry"],"aioseo_notices":[],"_links":{"self":[{"href":"https:\/\/halopharma.com\/fr\/wp-json\/wp\/v2\/pages\/1201","targetHints":{"allow":["GET"]}}],"collection":[{"href":"https:\/\/halopharma.com\/fr\/wp-json\/wp\/v2\/pages"}],"about":[{"href":"https:\/\/halopharma.com\/fr\/wp-json\/wp\/v2\/types\/page"}],"author":[{"embeddable":true,"href":"https:\/\/halopharma.com\/fr\/wp-json\/wp\/v2\/users\/25"}],"replies":[{"embeddable":true,"href":"https:\/\/halopharma.com\/fr\/wp-json\/wp\/v2\/comments?post=1201"}],"version-history":[{"count":52,"href":"https:\/\/halopharma.com\/fr\/wp-json\/wp\/v2\/pages\/1201\/revisions"}],"predecessor-version":[{"id":4030,"href":"https:\/\/halopharma.com\/fr\/wp-json\/wp\/v2\/pages\/1201\/revisions\/4030"}],"up":[{"embeddable":true,"href":"https:\/\/halopharma.com\/fr\/wp-json\/wp\/v2\/pages\/3362"}],"wp:attachment":[{"href":"https:\/\/halopharma.com\/fr\/wp-json\/wp\/v2\/media?parent=1201"}],"curies":[{"name":"wp","href":"https:\/\/api.w.org\/{rel}","templated":true}]}}